{"id":17,"date":"2025-09-30T15:27:19","date_gmt":"2025-09-30T15:27:19","guid":{"rendered":"https:\/\/boomkwekerijakkermans.nl\/?page_id=17"},"modified":"2026-01-14T21:13:01","modified_gmt":"2026-01-14T21:13:01","slug":"home","status":"publish","type":"page","link":"https:\/\/boomkwekerijakkermans.nl\/de\/","title":{"rendered":"Startseite"},"content":{"rendered":"<section class=\"hero has-bg\" id=\"\">\n    <div class=\"inner\" style=\"background: linear-gradient(270deg, rgba(5, 33, 23, 0.00) 0%, rgba(5, 33, 23, 0.60) 100%),url(https:\/\/boomkwekerijakkermans.nl\/wp-content\/uploads\/2026\/01\/Akkermans-Boomkwekerijen-sfeerbeeld.png);\">\n        <div class=\"boxed\">\n            <div class=\"info\">\n                                    <h1 class=\"heading\">Starke und gesunde B\u00e4ume. Sie k\u00f6nnen sich verlassen auf <span style=\"color: #eca218;\">Vertrauen.<\/span>\n<\/h1>\n                                                    <div class=\"content\"><p>Seit f\u00fcnf Generationen z\u00fcchten wir mit Leidenschaft starke Alleeb\u00e4ume auf dem humusreichen Sandboden von Brabant - mit einem Auge f\u00fcr Qualit\u00e4t und pers\u00f6nlichen Service.<\/p>\n<\/div>\n                                                    <div class=\"btn-group\">\n                                                                                    <a href=\"#over-ons\"\n                                   target=\"\"\n                                   class=\"btn btn-primary color-\">\u00dcber uns<\/a>\n                                                                                                                <a href=\"#contact\"\n                                   target=\"\"\n                                   class=\"btn btn-secondary color-\">Kontakt<\/a>\n                                                                        <\/div>\n                            <\/div>\n            <div class=\"image\">\n                            <\/div>\n        <\/div>\n    <\/div>\n<\/section>\n\n\n\n\n\n<section class=\"call-to-action\" id=\"\">\n    <div class=\"boxed\">\n        <div class=\"box\">\n                            <h2 class=\"heading\">Arbeiten Sie in unserer G\u00e4rtnerei!<\/h2>\n                                        <div class=\"content\"><p>Lieben Sie die Natur und arbeiten Sie gerne im Freien? Die Baumschule Akkermans sucht neue Kollegen! Ob Sie bereits Erfahrung haben oder nicht, wenn Sie enthusiastisch sind und wissen, wie man arbeitet, laden wir Sie ein, sich zu bewerben!<\/p>\n<\/div>\n                                        <div class=\"btn-group\">\n                                                                        <a href=\"https:\/\/boomkwekerijakkermans.nl\/de\/werken-bij\/\"\n                               target=\"\"\n                               class=\"btn btn-primary color-\">Siehe das Stellenangebot<\/a>\n                                                            <\/div>\n                    <\/div>\n    <\/div>\n<\/section>\n\n\n\n<section class=\"key-points\" id=\"assortiment\">\n    <div class=\"boxed\">\n                    <h2 class=\"heading\">Unsere Produktpalette<\/h2>\n                            <div class=\"items\">\n                                    <div class=\"column\">\n                        <div class=\"image\">\n                            <img decoding=\"async\" src=\"https:\/\/boomkwekerijakkermans.nl\/wp-content\/uploads\/2025\/10\/Group-1410103756.png\"\n                                 alt=\"Hoogstambomen\">\n                        <\/div>\n                        <div class=\"info\">\n                            <h3 class=\"heading\">Hoher Stammbaum<\/h3>\n                            <div class=\"content\"><p>B\u00e4ume mit einem astfreien Stamm.<\/p>\n<\/div>\n                                                            <div class=\"btn-group\">\n                                                                                                                        <a href=\"https:\/\/boomkwekerijakkermans.nl\/de\/hoogstambomen\/\"\n                                               target=\"\"\n                                               class=\"btn btn-primary color-\">Mehr lesen<\/a>\n                                                                                                            <\/div>\n                                                    <\/div>\n                    <\/div>\n                                    <div class=\"column\">\n                        <div class=\"image\">\n                            <img decoding=\"async\" src=\"https:\/\/boomkwekerijakkermans.nl\/wp-content\/uploads\/2025\/10\/Group-1410103757.png\"\n                                 alt=\"Beveerde bomen\">\n                        <\/div>\n                        <div class=\"info\">\n                            <h3 class=\"heading\">Gefiederte B\u00e4ume<\/h3>\n                            <div class=\"content\"><p>B\u00e4ume mit gebackenem Baumstamm.<\/p>\n<\/div>\n                                                            <div class=\"btn-group\">\n                                                                                                                        <a href=\"https:\/\/boomkwekerijakkermans.nl\/de\/beveerde-bomen\/\"\n                                               target=\"\"\n                                               class=\"btn btn-primary color-\">Mehr lesen<\/a>\n                                                                                                            <\/div>\n                                                    <\/div>\n                    <\/div>\n                                    <div class=\"column\">\n                        <div class=\"image\">\n                            <img decoding=\"async\" src=\"https:\/\/boomkwekerijakkermans.nl\/wp-content\/uploads\/2025\/10\/Group-1410103758.png\"\n                                 alt=\"Vormbomen\">\n                        <\/div>\n                        <div class=\"info\">\n                            <h3 class=\"heading\">Formschnittb\u00e4ume<\/h3>\n                            <div class=\"content\"><p>Schiefer und Dachb\u00e4ume.<\/p>\n<\/div>\n                                                            <div class=\"btn-group\">\n                                                                                                                        <a href=\"https:\/\/boomkwekerijakkermans.nl\/de\/vormbomen\/\"\n                                               target=\"\"\n                                               class=\"btn btn-primary color-\">Mehr lesen<\/a>\n                                                                                                            <\/div>\n                                                    <\/div>\n                    <\/div>\n                            <\/div>\n            <\/div>\n<\/section>\n\n\n\n<section class=\"texts\" id=\"over-ons\">\n    <div class=\"boxed\">\n                    <div class=\"rows\">\n                <div class=\"row\">\n                                                                        <div class=\"col heading-col index-0\">\n                                <h2 class=\"\">\n                                    \u00dcber uns                                <\/h2>\n                            <\/div>\n                                                                                                        <\/div>\n\n                <div class=\"row\">\n                                            <div class=\"col content-col index-0\">\n                                                            <div class=\"contents\">\n                                    <div class=\"content\">\n                                        <p><strong>Verl\u00e4sslichkeit und Kontinuit\u00e4t<\/strong><\/p>\n<p>Unser Schwerpunkt liegt auf der Lieferung gesunder Alleeb\u00e4ume, haupts\u00e4chlich einheimischer Arten. Wir arbeiten gerne mit Unternehmen zusammen, die Wert auf Qualit\u00e4t und Zuverl\u00e4ssigkeit legen und langfristige Partnerschaften aufbauen. Auf diese Weise bauen wir eine stabile Lieferkette auf, bei der Qualit\u00e4t und Verf\u00fcgbarkeit immer an erster Stelle stehen. Wir verf\u00fcgen \u00fcber einen umfangreichen und qualitativ hochwertigen Bestand und liefern schnell und zu einem fairen Preis.<\/p>\n<p><strong>Unser Angebot<\/strong><\/p>\n<p>Auf 50 Hektar Sandboden vermehren und kultivieren wir Alleeb\u00e4ume mit einem Stammumfang von 12-14 cm bis 25-30 cm. Unser Sortiment umfasst: Acer, Carpinus, Fagus, Fraxinus, Platanus, Prunus, Quercus, Sorbus, Tilia und Ulmus. Lesen Sie mehr \u00fcber <a href=\"https:\/\/boomkwekerijakkermans.nl\/de\/ons-aanbod\/\">Unser Angebot<\/a>.<\/p>\n<p><strong>Qualit\u00e4t \u00fcber und unter der Erde<\/strong><\/p>\n<p>Ein Baum kann oberirdisch noch so sch\u00f6n aussehen, der Untergrund ist entscheidend. Der Anbau auf sandigem Boden erfordert besondere Aufmerksamkeit f\u00fcr die B\u00e4ume. Durch Wurzelschnitt, Umpflanzen und Pf\u00e4hlen erhalten unsere B\u00e4ume ein gut verzweigtes Wurzelsystem mit ausreichend feinen Wurzeln. Dies sorgt daf\u00fcr, dass der Baum nach dem Verpflanzen besser einwurzelt. Wir halten gro\u00dfe Pflanzabst\u00e4nde ein und schneiden regelm\u00e4\u00dfig zur\u00fcck. So k\u00f6nnen sich die Kronen und St\u00e4mme der B\u00e4ume perfekt entwickeln. Auf diese Weise z\u00fcchten wir kr\u00e4ftige und gesunde B\u00e4ume von optimaler Qualit\u00e4t.<\/p>\n                                    <\/div>\n                                <\/div>\n                                                    <\/div>\n                                            <div class=\"col content-col index-1\">\n                                                            <div class=\"contents\">\n                                    <div class=\"content\">\n                                        <p><strong>Nachhaltigkeit<\/strong><\/p>\n<p>Wir arbeiten mit Respekt vor der Natur und der Umwelt. Das bedeutet einen minimalen Einsatz von Pflanzenschutzmitteln und die Verwendung von organischen D\u00fcngemitteln. Organische D\u00fcngemittel wie Kompost, Tiermist oder Pflanzenreste verbessern die Bodenstruktur. Sie f\u00fcgen organisches Material hinzu, das den Boden lockert, die Wasserr\u00fcckhaltung verbessert und die Aktivit\u00e4t n\u00fctzlicher Bodenorganismen (wie W\u00fcrmer und Pilze) anregt. Dies f\u00fchrt langfristig zu einem lebendigen, fruchtbaren Boden.<\/p>\n<p><strong>Transport<\/strong><\/p>\n<p>Wir denken auch gerne mit Ihnen \u00fcber die beste Lieferl\u00f6sung nach. Wie k\u00f6nnen wir den Transport so effizient wie m\u00f6glich organisieren? Unser Unternehmen ist \u00fcber Autobahnen, wie die A27 bei Oosterhout, gut erreichbar. Ein ger\u00e4umiger Be- und Entladeplatz ist vorhanden. Wir beaufsichtigen die Verladung jedes Baumtransports pers\u00f6nlich, damit sie schnell und fachkundig durchgef\u00fchrt wird. Auf diese Weise kommen Ihre Eink\u00e4ufe ordnungsgem\u00e4\u00df am Zielort an.<\/p>\n<p><strong>Ausschlie\u00dflich eigener Bestand, garantierte Qualit\u00e4t<\/strong><\/p>\n<p>Wir liefern nur B\u00e4ume aus unserer eigenen Baumschule. Auf diese Weise garantieren wir eine gute Qualit\u00e4t unserer B\u00e4ume zu einem fairen Preis. Sie sind nat\u00fcrlich herzlich eingeladen, unsere Baumschule zu besuchen.<\/p>\n                                    <\/div>\n                                <\/div>\n                                                    <\/div>\n                                    <\/div>\n                <div class=\"row\">\n                                            <div class=\"col button-col index-0\">\n                                                    <\/div>\n                                            <div class=\"col button-col index-1\">\n                                                    <\/div>\n                                    <\/div>\n            <\/div>\n            <\/div>\n<\/section>\n\n\n\n<section class=\"image-silder\" id=\"\">\n    <div class=\"boxed\">\n        <div class=\"splide\" id=\"projects-info-1844096925\" aria-label=\"Diashow\" role=\"group\">\n            <div class=\"splide__track\">\n                <ul class=\"splide__list\">\n                                            <li class=\"splide__slide\">\n                            <img decoding=\"async\" src=\"https:\/\/boomkwekerijakkermans.nl\/wp-content\/uploads\/2025\/12\/Haagbeuk-Akkermans-Boomkwekerijen.png\"\n                                 alt=\"\"\/>\n                        <\/li>\n                                            <li class=\"splide__slide\">\n                            <img decoding=\"async\" src=\"https:\/\/boomkwekerijakkermans.nl\/wp-content\/uploads\/2025\/12\/Lijsterbes-Akkermans-Boomkwekerijen.png\"\n                                 alt=\"\"\/>\n                        <\/li>\n                                            <li class=\"splide__slide\">\n                            <img decoding=\"async\" src=\"https:\/\/boomkwekerijakkermans.nl\/wp-content\/uploads\/2025\/12\/Populier-Akkermans-Boomkwekerijen.png\"\n                                 alt=\"\"\/>\n                        <\/li>\n                                            <li class=\"splide__slide\">\n                            <img decoding=\"async\" src=\"https:\/\/boomkwekerijakkermans.nl\/wp-content\/uploads\/2025\/12\/Sierappel-Akkermans-Boomkwekerijen.png\"\n                                 alt=\"\"\/>\n                        <\/li>\n                                            <li class=\"splide__slide\">\n                            <img decoding=\"async\" src=\"https:\/\/boomkwekerijakkermans.nl\/wp-content\/uploads\/2025\/12\/Snoeien-Akkermans-Boomkwekerijen.png\"\n                                 alt=\"\"\/>\n                        <\/li>\n                                            <li class=\"splide__slide\">\n                            <img decoding=\"async\" src=\"https:\/\/boomkwekerijakkermans.nl\/wp-content\/uploads\/2025\/12\/Ginkgo-Akkermans-Boomkwekerijen.png\"\n                                 alt=\"\"\/>\n                        <\/li>\n                                            <li class=\"splide__slide\">\n                            <img decoding=\"async\" src=\"https:\/\/boomkwekerijakkermans.nl\/wp-content\/uploads\/2025\/12\/Eik-Akkermans-Boomkwekerijen.png\"\n                                 alt=\"\"\/>\n                        <\/li>\n                                            <li class=\"splide__slide\">\n                            <img decoding=\"async\" src=\"https:\/\/boomkwekerijakkermans.nl\/wp-content\/uploads\/2025\/12\/Laanbomen-Akkermans-Boomkwekerijen.png\"\n                                 alt=\"\"\/>\n                        <\/li>\n                                            <li class=\"splide__slide\">\n                            <img decoding=\"async\" src=\"https:\/\/boomkwekerijakkermans.nl\/wp-content\/uploads\/2026\/01\/Akkermans-Boomkwekerijen.png\"\n                                 alt=\"\"\/>\n                        <\/li>\n                                    <\/ul>\n            <\/div>\n        <\/div>\n    <\/div>\n<\/section>\n\n<script>\n    document.addEventListener('DOMContentLoaded', function () {\n        const splide = new Splide('#projects-info-1844096925', {\n            type: 'loop',\n            perPage: 1,\n            gap: '35px',\n            autoplay: true,\n            pauseOnHover: false,\n            pauseOnFocus: false,\n            pagination: false,\n            arrows: true,\n            speed: 600,\n            breakpoints: {\n                768: {\n                    gap: '10px',\n                },\n            }\n        });\n        splide.mount();\n    });\n<\/script>\n\n\n\n\n\n\n<section class=\"text-media\" id=\"contact\">\n    <div class=\"boxed image-left\">\n                <div class=\"info\">\n            <div class=\"items\">\n                                    <div class=\"item\">\n                                                    <h2 class=\"heading\">Kontaktangaben<\/h2>\n                                                                            <h3 class=\"sub-heading\">Sie sind herzlich eingeladen, unsere Baumschule zu besuchen!<\/h3>\n                        \n                                                    <div class=\"content\"><p><strong>Akkermans Baumschulen<\/strong><br \/>\n<a href=\"https:\/\/maps.app.goo.gl\/taQ4HRobLpdfgK696\" target=\"_blank\" rel=\"noopener\">Bredaseweg 150<\/a><br \/>\n<a href=\"https:\/\/maps.app.goo.gl\/taQ4HRobLpdfgK696\" target=\"_blank\" rel=\"noopener\">4904 SC Oosterhout (N.Br.)<\/a><br \/>\n<a href=\"https:\/\/maps.app.goo.gl\/taQ4HRobLpdfgK696\" target=\"_blank\" rel=\"noopener\">Niederlande<\/a><\/p>\n<p>Tel: <a href=\"tel:310162453204\">+31 (0)162-453204<\/a><br \/>\nFax: +31 (0)162-454358<br \/>\nE-Mail: <a href=\"mailto:info@boomkwekerijakkermans.nl\">info@boomkwekerijakkermans.nl<\/a><\/p>\n<\/div>\n                                                                    <\/div>\n                            <\/div>\n        <\/div>\n        <div class=\"image\">\n            <a href=\"https:\/\/maps.app.goo.gl\/wKkP859fz1CbFgbBA\" target=\"_blank\" rel=\"noopener\"><img decoding=\"async\" class=\"animation\" src=\"https:\/\/boomkwekerijakkermans.nl\/wp-content\/uploads\/2025\/11\/Bredaseweg-150.png\"\n                 alt=\"Bredaseweg 150\"\/><\/a>\n        <\/div>\n    <\/div>\n<\/section>","protected":false},"excerpt":{"rendered":"","protected":false},"author":1,"featured_media":0,"parent":0,"menu_order":0,"comment_status":"closed","ping_status":"closed","template":"","meta":{"_acf_changed":false,"footnotes":""},"class_list":["post-17","page","type-page","status-publish"],"acf":[],"_links":{"self":[{"href":"https:\/\/boomkwekerijakkermans.nl\/de\/wp-json\/wp\/v2\/pages\/17","targetHints":{"allow":["GET"]}}],"collection":[{"href":"https:\/\/boomkwekerijakkermans.nl\/de\/wp-json\/wp\/v2\/pages"}],"about":[{"href":"https:\/\/boomkwekerijakkermans.nl\/de\/wp-json\/wp\/v2\/types\/page"}],"author":[{"embeddable":true,"href":"https:\/\/boomkwekerijakkermans.nl\/de\/wp-json\/wp\/v2\/users\/1"}],"replies":[{"embeddable":true,"href":"https:\/\/boomkwekerijakkermans.nl\/de\/wp-json\/wp\/v2\/comments?post=17"}],"version-history":[{"count":42,"href":"https:\/\/boomkwekerijakkermans.nl\/de\/wp-json\/wp\/v2\/pages\/17\/revisions"}],"predecessor-version":[{"id":384,"href":"https:\/\/boomkwekerijakkermans.nl\/de\/wp-json\/wp\/v2\/pages\/17\/revisions\/384"}],"wp:attachment":[{"href":"https:\/\/boomkwekerijakkermans.nl\/de\/wp-json\/wp\/v2\/media?parent=17"}],"curies":[{"name":"wp","href":"https:\/\/api.w.org\/{rel}","templated":true}]}}