{"id":19,"date":"2025-09-30T15:27:35","date_gmt":"2025-09-30T15:27:35","guid":{"rendered":"https:\/\/boomkwekerijakkermans.nl\/?page_id=19"},"modified":"2026-05-14T11:22:06","modified_gmt":"2026-05-14T11:22:06","slug":"werken-bij","status":"publish","type":"page","link":"https:\/\/boomkwekerijakkermans.nl\/de\/werken-bij\/","title":{"rendered":"Arbeiten bei"},"content":{"rendered":"<section class=\"hero no-bg\" id=\"\">\n    <div class=\"inner\">\n        <div class=\"boxed\">\n            <div class=\"info\">\n                                    <h1 class=\"heading\">Arbeiten Sie in unserem <span style=\"color: #eca218;\">Kinderzimmer!<\/span>\n<\/h1>\n                                                    <div class=\"content\"><p>Die Baumschule Akkermans sucht Verst\u00e4rkung! Erfahrung ist sch\u00f6n, aber Enthusiasmus und eine Aufbruchsmentalit\u00e4t sind genauso wichtig.<\/p>\n<\/div>\n                                                    <div class=\"btn-group\">\n                                                                                    <a href=\"\/de\/#over-ons\"\n                                   target=\"\"\n                                   class=\"btn btn-primary color-\">\u00dcber uns<\/a>\n                                                                                                                <a href=\"\/de\/#contact\"\n                                   target=\"\"\n                                   class=\"btn btn-secondary color-\">Kontakt<\/a>\n                                                                        <\/div>\n                            <\/div>\n            <div class=\"image\">\n                                    <img decoding=\"async\" class=\"animation\" src=\"https:\/\/boomkwekerijakkermans.nl\/wp-content\/uploads\/2025\/10\/Rectangle-24080.png\"\n                         alt=\"Kom werken bij onze kwekerij!.\"\/>\n                            <\/div>\n        <\/div>\n    <\/div>\n<\/section>\n\n\n\n\n\n\n<section class=\"texts\" id=\"\">\n    <div class=\"boxed\">\n                    <div class=\"rows\">\n                <div class=\"row\">\n                                                                        <div class=\"col heading-col index-0\">\n                                <h2 class=\"\">\n                                    Wer sind wir?                                <\/h2>\n                            <\/div>\n                                                                                                <div class=\"col heading-col index-1\">\n                                <h2 class=\"\">\n                                    Was werden Sie tun?                                <\/h2>\n                            <\/div>\n                                                            <\/div>\n\n                <div class=\"row\">\n                                            <div class=\"col content-col index-0\">\n                                                            <div class=\"contents\">\n                                    <div class=\"content\">\n                                        <p>Baumschule Akkermans ist ein Familienbetrieb, der sich auf den Anbau von Alleeb\u00e4umen spezialisiert hat. Das machen wir in Oosterhout auf 40 Hektar eigenem Grund. Gr\u00fcne Daumen liegen in unseren Genen. Schon seit f\u00fcnf Generationen.<\/p>\n<h2>Wintermonate<\/h2>\n<ul>\n<li>Beschneiden von B\u00e4umen, um sie in Topform zu halten<\/li>\n<li>Vorbereitung der Auftr\u00e4ge: Die verkauften B\u00e4ume werden mit einem Kran auf einen Anh\u00e4nger geladen und dann in Lastwagen umgeladen.<\/li>\n<li>Arbeit in unserem Schuppen: Beschneiden kleiner B\u00e4ume, die wir sp\u00e4ter in der Baumschule wieder einpflanzen<\/li>\n<\/ul>\n                                    <\/div>\n                                <\/div>\n                                                    <\/div>\n                                            <div class=\"col content-col index-1\">\n                                                            <div class=\"contents\">\n                                    <div class=\"content\">\n                                        <p>Ein Tag bei uns ist nie wie der andere! Du arbeitest an der frischen Luft und genie\u00dft die Natur. Je nach Saison sind Ihre Aufgaben wie folgt:<\/p>\n<h2>Sommermonate<\/h2>\n<ul>\n<li>Anbringen von Bambusrohren und Anbinden neu gepflanzter B\u00e4ume<\/li>\n<li>Beschneiden von B\u00e4umen und Gew\u00e4hrleistung eines gesunden Wachstums<\/li>\n<li>Und viele weitere unterschiedliche Aufgaben!<\/li>\n<\/ul>\n                                    <\/div>\n                                <\/div>\n                                                    <\/div>\n                                    <\/div>\n                <div class=\"row\">\n                                            <div class=\"col button-col index-0\">\n                                                    <\/div>\n                                            <div class=\"col button-col index-1\">\n                                                    <\/div>\n                                    <\/div>\n            <\/div>\n            <\/div>\n<\/section>\n\n\n\n<section class=\"image-silder\" id=\"\">\n    <div class=\"boxed\">\n        <div class=\"splide\" id=\"projects-info-1659228573\" aria-label=\"Diashow\" role=\"group\">\n            <div class=\"splide__track\">\n                <ul class=\"splide__list\">\n                                            <li class=\"splide__slide\">\n                            <img decoding=\"async\" src=\"https:\/\/boomkwekerijakkermans.nl\/wp-content\/uploads\/2025\/12\/Ginkgo-Akkermans-Boomkwekerijen.png\"\n                                 alt=\"\"\/>\n                        <\/li>\n                                            <li class=\"splide__slide\">\n                            <img decoding=\"async\" src=\"https:\/\/boomkwekerijakkermans.nl\/wp-content\/uploads\/2025\/12\/Terrein-Akkermans-Boomkwekerijen.png\"\n                                 alt=\"\"\/>\n                        <\/li>\n                                            <li class=\"splide__slide\">\n                            <img decoding=\"async\" src=\"https:\/\/boomkwekerijakkermans.nl\/wp-content\/uploads\/2025\/12\/Snoeien-Akkermans-Boomkwekerijen.png\"\n                                 alt=\"\"\/>\n                        <\/li>\n                                            <li class=\"splide__slide\">\n                            <img decoding=\"async\" src=\"https:\/\/boomkwekerijakkermans.nl\/wp-content\/uploads\/2025\/12\/Populier-Akkermans-Boomkwekerijen.png\"\n                                 alt=\"\"\/>\n                        <\/li>\n                                            <li class=\"splide__slide\">\n                            <img decoding=\"async\" src=\"https:\/\/boomkwekerijakkermans.nl\/wp-content\/uploads\/2025\/12\/Sierkers-Akkermans-Boomkwekerijen.png\"\n                                 alt=\"\"\/>\n                        <\/li>\n                                            <li class=\"splide__slide\">\n                            <img decoding=\"async\" src=\"https:\/\/boomkwekerijakkermans.nl\/wp-content\/uploads\/2025\/12\/Eik-Akkermans-Boomkwekerijen.png\"\n                                 alt=\"\"\/>\n                        <\/li>\n                                    <\/ul>\n            <\/div>\n        <\/div>\n    <\/div>\n<\/section>\n\n<script>\n    document.addEventListener('DOMContentLoaded', function () {\n        const splide = new Splide('#projects-info-1659228573', {\n            type: 'loop',\n            perPage: 1,\n            gap: '35px',\n            autoplay: true,\n            pauseOnHover: false,\n            pauseOnFocus: false,\n            pagination: false,\n            arrows: true,\n            speed: 600,\n            breakpoints: {\n                768: {\n                    gap: '10px',\n                },\n            }\n        });\n        splide.mount();\n    });\n<\/script>\n\n\n\n\n\n\n<section class=\"text-media\" id=\"\">\n    <div class=\"boxed image-left\">\n                <div class=\"info\">\n            <div class=\"items\">\n                                    <div class=\"item\">\n                                                    <h2 class=\"heading\">Keine Erfahrung?<br>Kein Problem!<\/h2>\n                                                                            <h3 class=\"sub-heading\"><\/h3>\n                        \n                                                    <div class=\"content\"><p>Sind Sie motiviert, in einem gr\u00fcnen Umfeld zu arbeiten, haben aber noch keine gezielte Erfahrung? Kein Grund zur Sorge! Wir helfen Ihnen gerne, sich einzuarbeiten.<\/p>\n<\/div>\n                                                                            <div class=\"btn-group\">\n                                                                                                            <a href=\"\/de\/#contact\"\n                                           target=\"\"\n                                           class=\"btn btn-primary color-\">Kontakt aufnehmen<\/a>\n                                                                                                <\/div>\n                                            <\/div>\n                            <\/div>\n        <\/div>\n        <div class=\"image\">\n            <a href=\"\" target=\"\"><img decoding=\"async\" class=\"animation\" src=\"https:\/\/boomkwekerijakkermans.nl\/wp-content\/uploads\/2025\/10\/Rectangle-25639.png\"\n                 alt=\"Geen ervaring? \u2028Geen probleem!\"\/><\/a>\n        <\/div>\n    <\/div>\n<\/section>\n\n\n\n\n<section class=\"text-media\" id=\"\">\n    <div class=\"boxed image-right\">\n                <div class=\"info\">\n            <div class=\"items\">\n                                    <div class=\"item\">\n                                                    <h2 class=\"heading\">Warum arbeiten bei<br>Baumschule Akkermans?<\/h2>\n                                                                            <h3 class=\"sub-heading\"><\/h3>\n                        \n                                                    <div class=\"content\"><ul>\n<li>eine vielseitige Vollzeit- oder Teilzeitbesch\u00e4ftigung in einem kleinen, eng zusammenarbeitenden Team<\/li>\n<li>abwechslungsreiche Arbeit, bei der man keinen Moment stillsitzen kann<\/li>\n<li>wenn Sie m\u00f6chten, k\u00f6nnen Sie lernen, mit Maschinen wie einem Gabelstapler oder Traktor zu arbeiten<\/li>\n<li>Regelm\u00e4\u00dfige Arbeitszeiten von Montag bis Freitag (also freie Wochenenden!)<\/li>\n<li>wettbewerbsf\u00e4higes Gehalt gem\u00e4\u00df dem Tarifvertrag f\u00fcr den offenen Anbau<\/li>\n<li>einen Beitrag zur \u00d6kologisierung unseres Lebensumfelds leisten!<\/li>\n<\/ul>\n<\/div>\n                                                                    <\/div>\n                            <\/div>\n        <\/div>\n        <div class=\"image\">\n            <a href=\"\" target=\"\"><img decoding=\"async\" class=\"animation\" src=\"https:\/\/boomkwekerijakkermans.nl\/wp-content\/uploads\/2025\/10\/Rectangle-25640.png\"\n                 alt=\"Waarom werken bij Boomkwekerij Akkermans?\"\/><\/a>\n        <\/div>\n    <\/div>\n<\/section>","protected":false},"excerpt":{"rendered":"","protected":false},"author":1,"featured_media":0,"parent":0,"menu_order":0,"comment_status":"closed","ping_status":"closed","template":"","meta":{"_acf_changed":false,"footnotes":""},"class_list":["post-19","page","type-page","status-publish"],"acf":[],"_links":{"self":[{"href":"https:\/\/boomkwekerijakkermans.nl\/de\/wp-json\/wp\/v2\/pages\/19","targetHints":{"allow":["GET"]}}],"collection":[{"href":"https:\/\/boomkwekerijakkermans.nl\/de\/wp-json\/wp\/v2\/pages"}],"about":[{"href":"https:\/\/boomkwekerijakkermans.nl\/de\/wp-json\/wp\/v2\/types\/page"}],"author":[{"embeddable":true,"href":"https:\/\/boomkwekerijakkermans.nl\/de\/wp-json\/wp\/v2\/users\/1"}],"replies":[{"embeddable":true,"href":"https:\/\/boomkwekerijakkermans.nl\/de\/wp-json\/wp\/v2\/comments?post=19"}],"version-history":[{"count":12,"href":"https:\/\/boomkwekerijakkermans.nl\/de\/wp-json\/wp\/v2\/pages\/19\/revisions"}],"predecessor-version":[{"id":410,"href":"https:\/\/boomkwekerijakkermans.nl\/de\/wp-json\/wp\/v2\/pages\/19\/revisions\/410"}],"wp:attachment":[{"href":"https:\/\/boomkwekerijakkermans.nl\/de\/wp-json\/wp\/v2\/media?parent=19"}],"curies":[{"name":"wp","href":"https:\/\/api.w.org\/{rel}","templated":true}]}}