{"id":293,"date":"2025-12-30T08:54:29","date_gmt":"2025-12-30T08:54:29","guid":{"rendered":"https:\/\/boomkwekerijakkermans.nl\/?page_id=293"},"modified":"2025-12-30T09:00:07","modified_gmt":"2025-12-30T09:00:07","slug":"ons-aanbod","status":"publish","type":"page","link":"https:\/\/boomkwekerijakkermans.nl\/de\/ons-aanbod\/","title":{"rendered":"Unser Angebot"},"content":{"rendered":"<section class=\"texts\" id=\"\">\n    <div class=\"boxed width-100\">\n                    <div class=\"rows\">\n                <div class=\"row\">\n                                                                        <div class=\"col heading-col index-0\">\n                                <h2 class=\"\">\n                                    Unser Angebot                                <\/h2>\n                            <\/div>\n                                                            <\/div>\n\n                <div class=\"row\">\n                                            <div class=\"col content-col index-0\">\n                                                            <div class=\"contents\">\n                                    <div class=\"content\">\n                                        <p>Auf 50 Hektar Sandboden vermehren und kultivieren wir Alleeb\u00e4ume mit einem Stammumfang von 12-14 cm bis 25-30 cm. Unser interessantes Sortiment umfasst: Acer, Carpinus, Fagus, Fraxinus, Platanus, Prunus, Quercus, Sorbus, Tilia und Ulmus. Lesen Sie hier mehr \u00fcber unser Sortiment.<\/p>\n                                    <\/div>\n                                <\/div>\n                                                    <\/div>\n                                    <\/div>\n                <div class=\"row\">\n                                            <div class=\"col button-col index-0\">\n                                                    <\/div>\n                                    <\/div>\n            <\/div>\n            <\/div>\n<\/section>\n\n\n\n<section class=\"key-points\" id=\"\">\n    <div class=\"boxed\">\n                            <div class=\"items\">\n                                    <div class=\"column\">\n                        <div class=\"image\">\n                            <img decoding=\"async\" src=\"https:\/\/boomkwekerijakkermans.nl\/wp-content\/uploads\/2025\/10\/Group-1410103756.png\"\n                                 alt=\"Hoogstambomen\">\n                        <\/div>\n                        <div class=\"info\">\n                            <h3 class=\"heading\">Hoher Stammbaum<\/h3>\n                            <div class=\"content\"><p>B\u00e4ume mit einem astfreien Stamm.<\/p>\n<\/div>\n                                                            <div class=\"btn-group\">\n                                                                                                                        <a href=\"https:\/\/boomkwekerijakkermans.nl\/de\/hoogstambomen\/\"\n                                               target=\"\"\n                                               class=\"btn btn-primary color-\">Mehr lesen<\/a>\n                                                                                                            <\/div>\n                                                    <\/div>\n                    <\/div>\n                                    <div class=\"column\">\n                        <div class=\"image\">\n                            <img decoding=\"async\" src=\"https:\/\/boomkwekerijakkermans.nl\/wp-content\/uploads\/2025\/10\/Group-1410103757.png\"\n                                 alt=\"Beveerde bomen\">\n                        <\/div>\n                        <div class=\"info\">\n                            <h3 class=\"heading\">Gefiederte B\u00e4ume<\/h3>\n                            <div class=\"content\"><p>B\u00e4ume mit gebackenem Baumstamm.<\/p>\n<\/div>\n                                                            <div class=\"btn-group\">\n                                                                                                                        <a href=\"https:\/\/boomkwekerijakkermans.nl\/de\/beveerde-bomen\/\"\n                                               target=\"\"\n                                               class=\"btn btn-primary color-\">Mehr lesen<\/a>\n                                                                                                            <\/div>\n                                                    <\/div>\n                    <\/div>\n                                    <div class=\"column\">\n                        <div class=\"image\">\n                            <img decoding=\"async\" src=\"https:\/\/boomkwekerijakkermans.nl\/wp-content\/uploads\/2025\/10\/Group-1410103758.png\"\n                                 alt=\"Vormbomen\">\n                        <\/div>\n                        <div class=\"info\">\n                            <h3 class=\"heading\">Formschnittb\u00e4ume<\/h3>\n                            <div class=\"content\"><p>Schiefer und Dachb\u00e4ume.<\/p>\n<\/div>\n                                                            <div class=\"btn-group\">\n                                                                                                                        <a href=\"https:\/\/boomkwekerijakkermans.nl\/de\/vormbomen\/\"\n                                               target=\"\"\n                                               class=\"btn btn-primary color-\">Mehr lesen<\/a>\n                                                                                                            <\/div>\n                                                    <\/div>\n                    <\/div>\n                            <\/div>\n            <\/div>\n<\/section>\n\n\n\n<section class=\"texts\" id=\"\">\n    <div class=\"boxed width-100\">\n                    <div class=\"rows\">\n                <div class=\"row\">\n                                                                        <div class=\"col heading-col index-0\">\n                                <h2 class=\"\">\n                                    Mehr \u00fcber Alleeb\u00e4ume                                <\/h2>\n                            <\/div>\n                                                            <\/div>\n\n                <div class=\"row\">\n                                            <div class=\"col content-col index-0\">\n                                                            <div class=\"contents\">\n                                    <div class=\"content\">\n                                        <p>Alleeb\u00e4ume sind B\u00e4ume, die entlang von Stra\u00dfen, Wegen, Alleen oder Kan\u00e4len gepflanzt werden und sowohl eine funktionale als auch eine \u00e4sthetische Rolle erf\u00fcllen. Sie spenden Schatten, verringern die L\u00e4rmbel\u00e4stigung und verbessern die Luftqualit\u00e4t und tragen so zu einem angenehmeren Lebensumfeld bei. Au\u00dferdem tragen sie zur Temperaturregulierung in st\u00e4dtischen Gebieten bei und erh\u00f6hen die Verkehrssicherheit, indem sie Stra\u00dfen markieren und die Sichtverh\u00e4ltnisse verbessern. \u00c4sthetisch gesehen verleihen Alleeb\u00e4ume Stra\u00dfen und Landschaften ein unverwechselbares Aussehen und vermitteln ein Gef\u00fchl von Ruhe und Gr\u00fcn. Beliebte Alleebaumarten in den Niederlanden sind Linde, Ulme, Ahorn und Platane, die oft wegen ihrer sch\u00f6nen Wuchsform, Langlebigkeit und Pflegeleichtigkeit gew\u00e4hlt werden.<\/p>\n                                    <\/div>\n                                <\/div>\n                                                    <\/div>\n                                    <\/div>\n                <div class=\"row\">\n                                            <div class=\"col button-col index-0\">\n                                                    <\/div>\n                                    <\/div>\n            <\/div>\n            <\/div>\n<\/section>","protected":false},"excerpt":{"rendered":"","protected":false},"author":1,"featured_media":0,"parent":0,"menu_order":0,"comment_status":"closed","ping_status":"closed","template":"","meta":{"_acf_changed":false,"footnotes":""},"class_list":["post-293","page","type-page","status-publish"],"acf":[],"_links":{"self":[{"href":"https:\/\/boomkwekerijakkermans.nl\/de\/wp-json\/wp\/v2\/pages\/293","targetHints":{"allow":["GET"]}}],"collection":[{"href":"https:\/\/boomkwekerijakkermans.nl\/de\/wp-json\/wp\/v2\/pages"}],"about":[{"href":"https:\/\/boomkwekerijakkermans.nl\/de\/wp-json\/wp\/v2\/types\/page"}],"author":[{"embeddable":true,"href":"https:\/\/boomkwekerijakkermans.nl\/de\/wp-json\/wp\/v2\/users\/1"}],"replies":[{"embeddable":true,"href":"https:\/\/boomkwekerijakkermans.nl\/de\/wp-json\/wp\/v2\/comments?post=293"}],"version-history":[{"count":4,"href":"https:\/\/boomkwekerijakkermans.nl\/de\/wp-json\/wp\/v2\/pages\/293\/revisions"}],"predecessor-version":[{"id":300,"href":"https:\/\/boomkwekerijakkermans.nl\/de\/wp-json\/wp\/v2\/pages\/293\/revisions\/300"}],"wp:attachment":[{"href":"https:\/\/boomkwekerijakkermans.nl\/de\/wp-json\/wp\/v2\/media?parent=293"}],"curies":[{"name":"wp","href":"https:\/\/api.w.org\/{rel}","templated":true}]}}